
{"id":1807,"date":"2021-10-28T07:54:56","date_gmt":"2021-10-28T07:54:56","guid":{"rendered":"https:\/\/lumena.ch\/?page_id=1807"},"modified":"2021-10-28T07:54:56","modified_gmt":"2021-10-28T07:54:56","slug":"systeme-declairage-naturel-de-reference-vejle-au-danemark","status":"publish","type":"page","link":"https:\/\/lumena.ch\/fr\/systeme-declairage-naturel-de-reference-vejle-au-danemark\/","title":{"rendered":"Syst\u00e8me d&rsquo;\u00e9clairage naturel de r\u00e9f\u00e9rence \u2013 Vejle au Danemark"},"content":{"rendered":"","protected":false},"excerpt":{"rendered":"","protected":false},"author":1000000,"featured_media":0,"parent":0,"menu_order":0,"comment_status":"closed","ping_status":"closed","template":"","meta":{"_acf_changed":false,"footnotes":""},"class_list":["post-1807","page","type-page","status-publish","hentry"],"acf":[],"aioseo_notices":[],"_links":{"self":[{"href":"https:\/\/lumena.ch\/fr\/wp-json\/wp\/v2\/pages\/1807","targetHints":{"allow":["GET"]}}],"collection":[{"href":"https:\/\/lumena.ch\/fr\/wp-json\/wp\/v2\/pages"}],"about":[{"href":"https:\/\/lumena.ch\/fr\/wp-json\/wp\/v2\/types\/page"}],"author":[{"embeddable":true,"href":"https:\/\/lumena.ch\/fr\/wp-json\/wp\/v2\/users\/1000000"}],"replies":[{"embeddable":true,"href":"https:\/\/lumena.ch\/fr\/wp-json\/wp\/v2\/comments?post=1807"}],"version-history":[{"count":2,"href":"https:\/\/lumena.ch\/fr\/wp-json\/wp\/v2\/pages\/1807\/revisions"}],"predecessor-version":[{"id":1809,"href":"https:\/\/lumena.ch\/fr\/wp-json\/wp\/v2\/pages\/1807\/revisions\/1809"}],"wp:attachment":[{"href":"https:\/\/lumena.ch\/fr\/wp-json\/wp\/v2\/media?parent=1807"}],"curies":[{"name":"wp","href":"https:\/\/api.w.org\/{rel}","templated":true}]}}