
{"id":1813,"date":"2021-10-28T08:51:10","date_gmt":"2021-10-28T08:51:10","guid":{"rendered":"https:\/\/lumena.ch\/?page_id=1813"},"modified":"2021-10-28T08:51:10","modified_gmt":"2021-10-28T08:51:10","slug":"systeme-declairage-naturel-de-reference-universite-de-nicosie-chypre","status":"publish","type":"page","link":"https:\/\/lumena.ch\/fr\/systeme-declairage-naturel-de-reference-universite-de-nicosie-chypre\/","title":{"rendered":"Syst\u00e8me d&rsquo;\u00e9clairage naturel de r\u00e9f\u00e9rence \u2013 Universit\u00e9 de Nicosie, Chypre"},"content":{"rendered":"","protected":false},"excerpt":{"rendered":"","protected":false},"author":1000000,"featured_media":0,"parent":0,"menu_order":0,"comment_status":"closed","ping_status":"closed","template":"","meta":{"_acf_changed":false,"footnotes":""},"class_list":["post-1813","page","type-page","status-publish","hentry"],"acf":[],"aioseo_notices":[],"_links":{"self":[{"href":"https:\/\/lumena.ch\/fr\/wp-json\/wp\/v2\/pages\/1813","targetHints":{"allow":["GET"]}}],"collection":[{"href":"https:\/\/lumena.ch\/fr\/wp-json\/wp\/v2\/pages"}],"about":[{"href":"https:\/\/lumena.ch\/fr\/wp-json\/wp\/v2\/types\/page"}],"author":[{"embeddable":true,"href":"https:\/\/lumena.ch\/fr\/wp-json\/wp\/v2\/users\/1000000"}],"replies":[{"embeddable":true,"href":"https:\/\/lumena.ch\/fr\/wp-json\/wp\/v2\/comments?post=1813"}],"version-history":[{"count":3,"href":"https:\/\/lumena.ch\/fr\/wp-json\/wp\/v2\/pages\/1813\/revisions"}],"predecessor-version":[{"id":1816,"href":"https:\/\/lumena.ch\/fr\/wp-json\/wp\/v2\/pages\/1813\/revisions\/1816"}],"wp:attachment":[{"href":"https:\/\/lumena.ch\/fr\/wp-json\/wp\/v2\/media?parent=1813"}],"curies":[{"name":"wp","href":"https:\/\/api.w.org\/{rel}","templated":true}]}}