
{"id":756,"date":"2020-01-02T14:35:26","date_gmt":"2020-01-02T14:35:26","guid":{"rendered":"https:\/\/lumena.ch\/referenzen-helionstaten\/"},"modified":"2020-04-22T13:53:34","modified_gmt":"2020-04-22T13:53:34","slug":"referenzen-helionstaten","status":"publish","type":"page","link":"https:\/\/lumena.ch\/fr\/referenzen-helionstaten\/","title":{"rendered":"R\u00e9f\u00e9rences H\u00e9liostats"},"content":{"rendered":"","protected":false},"excerpt":{"rendered":"","protected":false},"author":1000000,"featured_media":0,"parent":0,"menu_order":2,"comment_status":"closed","ping_status":"closed","template":"","meta":{"_acf_changed":false,"footnotes":""},"class_list":["post-756","page","type-page","status-publish","hentry"],"acf":[],"aioseo_notices":[],"_links":{"self":[{"href":"https:\/\/lumena.ch\/fr\/wp-json\/wp\/v2\/pages\/756","targetHints":{"allow":["GET"]}}],"collection":[{"href":"https:\/\/lumena.ch\/fr\/wp-json\/wp\/v2\/pages"}],"about":[{"href":"https:\/\/lumena.ch\/fr\/wp-json\/wp\/v2\/types\/page"}],"author":[{"embeddable":true,"href":"https:\/\/lumena.ch\/fr\/wp-json\/wp\/v2\/users\/1000000"}],"replies":[{"embeddable":true,"href":"https:\/\/lumena.ch\/fr\/wp-json\/wp\/v2\/comments?post=756"}],"version-history":[{"count":3,"href":"https:\/\/lumena.ch\/fr\/wp-json\/wp\/v2\/pages\/756\/revisions"}],"predecessor-version":[{"id":1450,"href":"https:\/\/lumena.ch\/fr\/wp-json\/wp\/v2\/pages\/756\/revisions\/1450"}],"wp:attachment":[{"href":"https:\/\/lumena.ch\/fr\/wp-json\/wp\/v2\/media?parent=756"}],"curies":[{"name":"wp","href":"https:\/\/api.w.org\/{rel}","templated":true}]}}